{"id":843,"date":"2021-06-18T08:27:30","date_gmt":"2021-06-18T08:27:30","guid":{"rendered":"http:\/\/www.lokotrans.eu\/en\/?page_id=843"},"modified":"2022-04-20T11:38:17","modified_gmt":"2022-04-20T11:38:17","slug":"lokotrans-serbia","status":"publish","type":"page","link":"https:\/\/www.lokotrans.eu\/en\/lokotrans-serbia\/","title":{"rendered":"Documents"},"content":{"rendered":"<h2>Lokotrans Serbia<\/h2>\n<p><a href=\"http:\/\/www.lokotrans.eu\/en\/wp-content\/uploads\/sites\/2\/2021\/06\/Tabela1.xls\" rel=\"\"><em>Excel tabela sa informacijama o vanrednim doga\u0111ajima (tabela1)<\/em><\/a><\/p>\n<p><em><a href=\"https:\/\/www.lokotrans.eu\/en\/wp-content\/uploads\/sites\/2\/2021\/06\/Statisti\u010dki-izve\u0161taj-nesre\u0107a-i-nezgoda-period-I-XII-2021.xls\" rel=\"\">Statisti\u010dki izve\u0161taj nesre\u0107a i nezgoda period I-XII 2021<\/a><\/em><\/p>\n","protected":false},"excerpt":{"rendered":"<p>Lokotrans Serbia<\/p>\n<p>Excel tabela sa informacijama o vanrednim doga\u0111ajima (tabela1)<\/p>\n<p>Statisti\u010dki izve\u0161taj nesre\u0107a i nezgoda period I-XII 2021<\/p>\n","protected":false},"author":1,"featured_media":0,"parent":0,"menu_order":0,"comment_status":"closed","ping_status":"closed","template":"","meta":{"footnotes":""},"class_list":["post-843","page","type-page","status-publish","hentry"],"_links":{"self":[{"href":"https:\/\/www.lokotrans.eu\/en\/wp-json\/wp\/v2\/pages\/843"}],"collection":[{"href":"https:\/\/www.lokotrans.eu\/en\/wp-json\/wp\/v2\/pages"}],"about":[{"href":"https:\/\/www.lokotrans.eu\/en\/wp-json\/wp\/v2\/types\/page"}],"author":[{"embeddable":true,"href":"https:\/\/www.lokotrans.eu\/en\/wp-json\/wp\/v2\/users\/1"}],"replies":[{"embeddable":true,"href":"https:\/\/www.lokotrans.eu\/en\/wp-json\/wp\/v2\/comments?post=843"}],"version-history":[{"count":4,"href":"https:\/\/www.lokotrans.eu\/en\/wp-json\/wp\/v2\/pages\/843\/revisions"}],"predecessor-version":[{"id":867,"href":"https:\/\/www.lokotrans.eu\/en\/wp-json\/wp\/v2\/pages\/843\/revisions\/867"}],"wp:attachment":[{"href":"https:\/\/www.lokotrans.eu\/en\/wp-json\/wp\/v2\/media?parent=843"}],"curies":[{"name":"wp","href":"https:\/\/api.w.org\/{rel}","templated":true}]}}