{"id":13,"date":"2015-07-15T07:24:54","date_gmt":"2015-07-15T07:24:54","guid":{"rendered":"http:\/\/www.lokotrans.eu\/en\/?page_id=13"},"modified":"2025-01-31T11:40:22","modified_gmt":"2025-01-31T11:40:22","slug":"contact","status":"publish","type":"page","link":"https:\/\/www.lokotrans.eu\/en\/contact\/","title":{"rendered":"Contact"},"content":{"rendered":"<h2>LOKO TRANS s.r.o.<\/h2>\n<p><strong>Billing\/postal address:<br \/>\n<\/strong><br \/>\nTet\u010dick\u00e1 887\/2a<br \/>\n664 47 St\u0159elice u Brna<br \/>\nCzech Republic<\/p>\n<p><strong>I\u010c:<\/strong><strong>\u00a0<\/strong>60731796<br \/>\n<strong>DI\u010c:<\/strong><strong>\u00a0<\/strong>CZ 60731796<\/p>\n<p><strong>Tel.:\u00a0<\/strong>+420 547 250 176<br \/>\n<strong>Fax:<\/strong>\u00a0+420 547 250 336<br \/>\n<strong>E-mail:<\/strong>\u00a0<a href=\"mailto:lokotrans@lokotrans.cz\">lokotrans@lokotrans.cz<\/a><br \/>\n<span class=\"light _ngcontent-isi-18\"><strong>ID Data box:<\/strong>\u00a0<\/span>529izfe<\/p>\n<p><strong>Commercial department:<\/strong><\/p>\n<p>V\u00edt Ry\u0161av\u00fd, DiS. &#8211; Commercial Director<br \/>\ntel.: +420 602 788 046<br \/>\ne-mail: <a href=\"mailto:rysavy@lokotrans.cz\">rysavy@lokotrans.cz<\/a><\/p>\n<p>Ing. Petr Sen\u00e1\u0161i &#8211; Sales manager<br \/>\ntel.: +420 725 554 667<br \/>\ne-mail: <a href=\"mailto:senasi@lokotrans.cz\">senasi@lokotrans.cz<\/a><\/p>\n<p>Ludmila Posp\u00ed\u0161ilov\u00e1 &#8211; Sales manager<br \/>\ntel.: +420 731 319 841<br \/>\ne-mail: <a href=\"mailto:pospisilova@lokotrans.cz\">pospisilova@lokotrans.cz<\/a><\/p>\n<p><strong>Technical department:<\/strong><strong><br \/>\n<\/strong>Ing. Luk\u00e1\u0161 S\u00e1zel &#8211; Technical Director<br \/>\ntel.: +420 777\u00a0750 299<br \/>\ne-mail:\u00a0<a href=\"mailto:sazel@lokotrans.cz\">sazel@lokotrans.cz<\/a><\/p>\n<p>Ji\u0159\u00ed M\u00e1tl &#8211; Technician<br \/>\ntel.: +420 602 177 262<br \/>\ne-mail: <a href=\"mailto:matl@lokotrans.cz\">matl@lokotrans.cz<\/a><\/p>\n<p><strong>Economics Department:<\/strong><\/p>\n<p>Ing. Marek Anto\u0161<br \/>\ntel.: +420 728 651 207<br \/>\ne-mail: <a href=\"mailto:antos@lokotrans.cz\">antos@lokotrans.cz<\/a><\/p>\n<p><strong>Service and repair hall in St\u0159elice:<\/strong><\/p>\n<p>Ing.\u00a0Radovan Pl\u0161ek &#8211; Director of Maintenance and Repairs<br \/>\ntel.: +420 725\u00a0343\u00a0135<br \/>\ne-mail: <a href=\"mailto:plsek@lokotrans.cz\">plsek@lokotrans.cz<\/a><\/p>\n","protected":false},"excerpt":{"rendered":"<p>LOKO TRANS s.r.o.<\/p>\n<p>Billing\/postal address:<\/p>\n<p>Tet\u010dick\u00e1 887\/2a<br \/>\n664 47 St\u0159elice u Brna<br \/>\nCzech Republic<\/p>\n<p>I\u010c:\u00a060731796<br \/>\nDI\u010c:\u00a0CZ 60731796<\/p>\n<p>Tel.:\u00a0+420 547 250 176<br \/>\nFax:\u00a0+420 547 250 336<br \/>\nE-mail:\u00a0lokotrans@lokotrans.cz<br \/>\nID Data box:\u00a0529izfe<\/p>\n<p>Commercial department:<\/p>\n<p>V\u00edt Ry\u0161av\u00fd, DiS. &#8211; Commercial Director<br \/>\ntel.: +420 602 788 046<br \/>\ne-mail: rysavy@lokotrans.cz<\/p>\n<p>Ing. Petr Sen\u00e1\u0161i &#8211; Sales manager<br \/>\ntel.: +420 725 554 667<br \/>\ne-mail: senasi@lokotrans.cz<\/p>\n<p>Ludmila Posp\u00ed\u0161ilov\u00e1 &#8211; Sales manager<br \/>\ntel.: +420 731 319 841<br \/>\ne-mail: pospisilova@lokotrans.cz<\/p>\n<p>Technical department:<br \/>\nIng. Luk\u00e1\u0161 S\u00e1zel &#8211; Technical Director<br \/>\ntel.: +420 777\u00a0750 299<br \/>\ne-mail:\u00a0sazel@lokotrans.cz<\/p>\n<p>Ji\u0159\u00ed M\u00e1tl &#8211; Technician<br \/>\ntel.: +420 602 177 262<br \/>\ne-mail: matl@lokotrans.cz<\/p>\n<p>Economics Department:<\/p>\n<p>Ing. Marek Anto\u0161<br \/>\ntel.: +420 728 651 207<br \/>\ne-mail: antos@lokotrans.cz<\/p>\n<p>Service and repair hall in St\u0159elice:<\/p>\n<p>Ing.\u00a0Radovan Pl\u0161ek [&#8230;]<\/p>\n","protected":false},"author":1,"featured_media":0,"parent":0,"menu_order":0,"comment_status":"open","ping_status":"closed","template":"kontakt.php","meta":{"footnotes":""},"class_list":["post-13","page","type-page","status-publish","hentry"],"_links":{"self":[{"href":"https:\/\/www.lokotrans.eu\/en\/wp-json\/wp\/v2\/pages\/13"}],"collection":[{"href":"https:\/\/www.lokotrans.eu\/en\/wp-json\/wp\/v2\/pages"}],"about":[{"href":"https:\/\/www.lokotrans.eu\/en\/wp-json\/wp\/v2\/types\/page"}],"author":[{"embeddable":true,"href":"https:\/\/www.lokotrans.eu\/en\/wp-json\/wp\/v2\/users\/1"}],"replies":[{"embeddable":true,"href":"https:\/\/www.lokotrans.eu\/en\/wp-json\/wp\/v2\/comments?post=13"}],"version-history":[{"count":28,"href":"https:\/\/www.lokotrans.eu\/en\/wp-json\/wp\/v2\/pages\/13\/revisions"}],"predecessor-version":[{"id":881,"href":"https:\/\/www.lokotrans.eu\/en\/wp-json\/wp\/v2\/pages\/13\/revisions\/881"}],"wp:attachment":[{"href":"https:\/\/www.lokotrans.eu\/en\/wp-json\/wp\/v2\/media?parent=13"}],"curies":[{"name":"wp","href":"https:\/\/api.w.org\/{rel}","templated":true}]}}