{"id":349,"date":"2015-12-18T11:23:46","date_gmt":"2015-12-18T11:23:46","guid":{"rendered":"http:\/\/www.lokotrans.eu\/de\/?page_id=349"},"modified":"2016-10-10T12:23:27","modified_gmt":"2016-10-10T12:23:27","slug":"dienstleistungen","status":"publish","type":"page","link":"https:\/\/www.lokotrans.eu\/de\/dienstleistungen\/","title":{"rendered":"DIENSTLEISTUNGEN"},"content":{"rendered":"<h2>Verkauf von Wagen:<\/h2>\n<p>Wir sichern f\u00fcr Sie Lieferungen von neuen, gebrauchten, modernisierten, rekonstruierten Wagen oder Wagen vor der Reparatur, und zwar nach Ihren spezifischen Anforderungen.<\/p>\n<h2>\u00a0<\/h2>\n<h2>Vermietung von Wagen:<\/h2>\n<p>Das Hauptziel der Gesellschaft ist es, Kunden mit dem Angebot der Wagenvermietung anzusprechen. Zurzeit verf\u00fcgt unsere Gesellschaft \u00fcber einen eigenen Wagenpark mit mehreren Hundert Wagen verschiedener Reihen (Eas, Eaos, Res, Regmms, Shimms, Tads, Tams, Uagpps). In der Vermietung der Eisenbahnwagen haben wir schon viele Erfahrungen gesammelt und wir k\u00f6nnen die Vermietung von vielen Arten der G\u00fcterwagen anbieten. Die Vermietung kann auch mit der Speditionst\u00e4tigkeit oder der T\u00e4tigkeit des Europ\u00e4ischen Transporteurs kombiniert werden.<\/p>\n<h2>\u00a0<\/h2>\n<h2>Service und Reparaturen:<\/h2>\n<p>Die Gesellschaft sichert Service und Dienstleistungen der Eisenbahntechnik (Triebfahrzeuge, Schleppfahrzeuge) in verschiedenen Stufen \u2013 kleine Reparaturen, Generalreparaturen sowie gesamte Modernisierungen und Rekonstruktionen, und zwar sowohl in den Reparaturwerken in der Slowakei als auch in der Reparaturhalle in St\u0159elice bei Brno. Die Reparaturhalle in St\u0159elice wird st\u00e4ndig modernisiert und erm\u00f6glicht die Erweiterung des aktuellen Angebots an Dienstleistungen im Bereich der Reparaturen von Schienenfahrzeugen.<\/p>\n<p>&nbsp;<\/p>\n<p><strong>Loko Trans s.r.o. repariert und bietet Folgendes zum Verkauf:<\/strong><\/p>\n<ul>\n<li>G\u00fcterwagen aller Reihen f\u00fcr den Transport aller Materialien<\/li>\n<li>Diesellokomotiven<\/li>\n<li>Gleichstrom-, Wechselstromlokomotiven<\/li>\n<li>Flachwagen f\u00fcr den Transport von Container<\/li>\n<li>Flachwagen<\/li>\n<\/ul>\n<h2>\u00a0<\/h2>\n<h2>Eisenbahnverkehr und Spedition:<\/h2>\n<p>Die Gesellschaft LOKO TRANS besitzt in \u00dcbereinstimmung mit der \u201eAnordnung der EG-Kommission\u201c die \u201eBescheinigung des Frachtf\u00fchrers\u201c, die das Eisenbahnamt Prag (Dr\u00e1\u017en\u00ed \u00fa\u0159ad Praha) ausgestellt hat, sowie das \u201eSicherheitszertifikat\u201c, das das Amt f\u00fcr die Regulierung des Eisenbahnverkehrs Bratislava (\u00da\u0159ad pro regulaci \u017eelezni\u010dn\u00ed dopravy Bratislava) ausgestellt hat.<\/p>\n<p>&nbsp;<\/p>\n<p><strong>In diesem Bereich bieten wir folgende Dienstleistungen und T\u00e4tigkeiten:<br \/><\/strong><\/p>\n<ol>\n<li>Internationalen und inl\u00e4ndischen Eisenbahnverkehr<\/li>\n<li>Bef\u00f6rderung von \u00dcberfrachten und au\u00dfergew\u00f6hnlichen Sendungen<\/li>\n<li>L\u00f6sung kompletter Verkehrsprojekte einschlie\u00dflich der<\/li>\n<li>Transportgenehmigungen<\/li>\n<li>Speditionsdienstleistungen im Bereich des Eisenbahn-, Stra\u00dfen-, Luft-, See- und Flussverkehrs<\/li>\n<li>Optimierung der Verladeweise auf Verkehrsmittel<\/li>\n<li>Umladung der G\u00fcter aus Breitspurwagen<\/li>\n<li>G\u00fctertransport in Container<\/li>\n<li>Vermietung von Eisenbahnwagen und Lokomotiven<\/li>\n<\/ol>\n","protected":false},"excerpt":{"rendered":"<p>Verkauf von Wagen:<\/p>\n<p>Wir sichern f\u00fcr Sie Lieferungen von neuen, gebrauchten, modernisierten, rekonstruierten Wagen oder Wagen vor der Reparatur, und zwar nach Ihren spezifischen Anforderungen.<\/p>\n<p>\u00a0<br \/>\nVermietung von Wagen:<\/p>\n<p>Das Hauptziel der Gesellschaft ist es, Kunden mit dem Angebot der Wagenvermietung anzusprechen. Zurzeit verf\u00fcgt unsere Gesellschaft \u00fcber einen eigenen Wagenpark mit mehreren Hundert Wagen verschiedener Reihen (Eas, Eaos, Res, Regmms, Shimms, Tads, Tams, Uagpps). In der Vermietung der Eisenbahnwagen haben wir schon viele Erfahrungen gesammelt und wir k\u00f6nnen die Vermietung von vielen Arten der [&#8230;]<\/p>\n","protected":false},"author":1,"featured_media":0,"parent":0,"menu_order":0,"comment_status":"open","ping_status":"closed","template":"","meta":{"footnotes":""},"class_list":["post-349","page","type-page","status-publish","hentry"],"_links":{"self":[{"href":"https:\/\/www.lokotrans.eu\/de\/wp-json\/wp\/v2\/pages\/349"}],"collection":[{"href":"https:\/\/www.lokotrans.eu\/de\/wp-json\/wp\/v2\/pages"}],"about":[{"href":"https:\/\/www.lokotrans.eu\/de\/wp-json\/wp\/v2\/types\/page"}],"author":[{"embeddable":true,"href":"https:\/\/www.lokotrans.eu\/de\/wp-json\/wp\/v2\/users\/1"}],"replies":[{"embeddable":true,"href":"https:\/\/www.lokotrans.eu\/de\/wp-json\/wp\/v2\/comments?post=349"}],"version-history":[{"count":7,"href":"https:\/\/www.lokotrans.eu\/de\/wp-json\/wp\/v2\/pages\/349\/revisions"}],"predecessor-version":[{"id":779,"href":"https:\/\/www.lokotrans.eu\/de\/wp-json\/wp\/v2\/pages\/349\/revisions\/779"}],"wp:attachment":[{"href":"https:\/\/www.lokotrans.eu\/de\/wp-json\/wp\/v2\/media?parent=349"}],"curies":[{"name":"wp","href":"https:\/\/api.w.org\/{rel}","templated":true}]}}